{"id":5051,"date":"2024-07-22T12:18:15","date_gmt":"2024-07-22T19:18:15","guid":{"rendered":"https:\/\/allyouskin.com\/?page_id=5051"},"modified":"2024-07-22T12:24:41","modified_gmt":"2024-07-22T19:24:41","slug":"facial-de-verano","status":"publish","type":"page","link":"https:\/\/allyouskin.com\/es\/facial-de-verano\/","title":{"rendered":"Facial Refrescante de Verano"},"content":{"rendered":"<div class=\"gb-grid-wrapper gb-grid-wrapper-c1051ffe\">\n<div class=\"gb-grid-column gb-grid-column-fee8a4c7\"><div class=\"gb-container gb-container-fee8a4c7\">\n<div class=\"wp-block-image\">\n<figure class=\"aligncenter size-full\"><img data-recalc-dims=\"1\" loading=\"lazy\" decoding=\"async\" width=\"512\" height=\"512\" src=\"https:\/\/i0.wp.com\/allyouskin.com\/wp-content\/uploads\/2024\/07\/c425bc30ad1f98a9e58515debe92a44ed773d5d2-1.jpg?resize=512%2C512&#038;ssl=1\" alt=\"\" class=\"wp-image-5052\" srcset=\"https:\/\/i0.wp.com\/allyouskin.com\/wp-content\/uploads\/2024\/07\/c425bc30ad1f98a9e58515debe92a44ed773d5d2-1.jpg?w=512&amp;ssl=1 512w, https:\/\/i0.wp.com\/allyouskin.com\/wp-content\/uploads\/2024\/07\/c425bc30ad1f98a9e58515debe92a44ed773d5d2-1.jpg?resize=300%2C300&amp;ssl=1 300w, https:\/\/i0.wp.com\/allyouskin.com\/wp-content\/uploads\/2024\/07\/c425bc30ad1f98a9e58515debe92a44ed773d5d2-1.jpg?resize=150%2C150&amp;ssl=1 150w, https:\/\/i0.wp.com\/allyouskin.com\/wp-content\/uploads\/2024\/07\/c425bc30ad1f98a9e58515debe92a44ed773d5d2-1.jpg?resize=100%2C100&amp;ssl=1 100w\" sizes=\"auto, (max-width: 512px) 100vw, 512px\" \/><\/figure>\n<\/div>\n<\/div><\/div>\n\n<div class=\"gb-grid-column gb-grid-column-630796f5\"><div class=\"gb-container gb-container-630796f5\">\n\n<div style=\"height:78px\" aria-hidden=\"true\" class=\"wp-block-spacer\"><\/div>\n\n\n\n<p class=\"has-text-align-left\">Transforma tu piel con nuestra promoci\u00f3n exclusiva. Un facial por $95! Experiencia el lujo y el rejuvenecimiento con un tratamiento personalizado y dise\u00f1ado para limpiar, hidratar y revitalizar la piel. No te pierdas esta oferta incre\u00edble para lograr una piel radiante y luminosa.<\/p>\n\n\n\n<p class=\"has-text-align-left\">\u00a1Reserva tu cita hoy y disfruta de una experiencia de spa \u00fanica!<\/p>\n\n\n\n<a class=\"gb-button gb-button-ec606dd7 gb-button-text\" href=\"https:\/\/allyouskin.com\/es\/book-now\/\">Haga su cita<\/a>\n\n<\/div><\/div>\n<\/div>\n\n\n<div style=\"height:100px\" aria-hidden=\"true\" class=\"wp-block-spacer\"><\/div>","protected":false},"excerpt":{"rendered":"","protected":false},"author":1,"featured_media":0,"parent":0,"menu_order":0,"comment_status":"closed","ping_status":"closed","template":"","meta":{"footnotes":""},"class_list":["post-5051","page","type-page","status-publish"],"jetpack-related-posts":[{"id":4379,"url":"https:\/\/allyouskin.com\/es\/services\/","url_meta":{"origin":5051,"position":0},"title":"Servicios","author":"admin","date":"abril 21, 2021","format":false,"excerpt":"At All You Skincare we offer a variety of facials. We believe in using high quality products and advanced technology to help you achieve your skincare goals and concerns! The Classical Facial. Experience an organic facial designed to nourish your skin and soothe your senses. Each session includes a double\u2026","rel":"","context":"Entrada similar ","block_context":{"text":"Entrada similar ","link":""},"img":{"alt_text":"","src":"","width":0,"height":0},"classes":[]},{"id":5102,"url":"https:\/\/allyouskin.com\/es\/acne-bootcamp\/","url_meta":{"origin":5051,"position":1},"title":"Campamento de Acn\u00e9","author":"admin","date":"octubre 29, 2024","format":false,"excerpt":"Are you feeling frustrated with your acne struggles? Have you tried countless solutions without success? This Acne Bootcamp has proven effective for over 90% of clients, and I\u2019m here to help you heal your skin from the inside out. Ideal Candidates: Individuals committed to a minimum 3-month program to achieve\u2026","rel":"","context":"Entrada similar ","block_context":{"text":"Entrada similar ","link":""},"img":{"alt_text":"","src":"https:\/\/i0.wp.com\/allyouskin.com\/wp-content\/uploads\/2021\/02\/Acne-Expert-Badge.png?resize=350%2C200&ssl=1","width":350,"height":200,"srcset":"https:\/\/i0.wp.com\/allyouskin.com\/wp-content\/uploads\/2021\/02\/Acne-Expert-Badge.png?resize=350%2C200&ssl=1 1x, https:\/\/i0.wp.com\/allyouskin.com\/wp-content\/uploads\/2021\/02\/Acne-Expert-Badge.png?resize=525%2C300&ssl=1 1.5x, https:\/\/i0.wp.com\/allyouskin.com\/wp-content\/uploads\/2021\/02\/Acne-Expert-Badge.png?resize=700%2C400&ssl=1 2x"},"classes":[]},{"id":4531,"url":"https:\/\/allyouskin.com\/es\/client-intake-form\/","url_meta":{"origin":5051,"position":2},"title":"Formulariio de Admisi\u00f3n","author":"admin","date":"enero 20, 2022","format":false,"excerpt":"Please fill out this quick form if you are a new customer prior to your visit. This will help me get to know your skin and tailor your facial so you get the best results. Loading...","rel":"","context":"Entrada similar ","block_context":{"text":"Entrada similar ","link":""},"img":{"alt_text":"","src":"","width":0,"height":0},"classes":[]},{"id":4996,"url":"https:\/\/allyouskin.com\/es\/consultation-services\/","url_meta":{"origin":5051,"position":3},"title":"Servicios de consulta","author":"admin","date":"marzo 14, 2024","format":false,"excerpt":"At All You Skincare we believe in using high quality products and advanced technology to help you achieve your skincare goals and concerns! Online Skin Wellness Session Are you looking to revitalize your skincare routine but unsure where to start? Our Online Facial Consultation service offers you expert guidance and\u2026","rel":"","context":"Entrada similar ","block_context":{"text":"Entrada similar ","link":""},"img":{"alt_text":"","src":"","width":0,"height":0},"classes":[]},{"id":3587,"url":"https:\/\/allyouskin.com\/es\/about\/","url_meta":{"origin":5051,"position":4},"title":"Acerca De M\u00ed","author":"admin","date":"enero 30, 2021","format":false,"excerpt":"Welcome to my page, With over 12 years in the esthetics industry, I\u2019ve learned that skincare is about so much more than what\u2019s happening on the surface. What I love most about my work are the genuine connections I build with my clients. Creating a space where they feel seen,\u2026","rel":"","context":"Entrada similar ","block_context":{"text":"Entrada similar ","link":""},"img":{"alt_text":"","src":"https:\/\/i0.wp.com\/allyouskin.com\/wp-content\/uploads\/2021\/04\/IMG_3179-scaled.jpg?resize=350%2C200&ssl=1","width":350,"height":200,"srcset":"https:\/\/i0.wp.com\/allyouskin.com\/wp-content\/uploads\/2021\/04\/IMG_3179-scaled.jpg?resize=350%2C200&ssl=1 1x, https:\/\/i0.wp.com\/allyouskin.com\/wp-content\/uploads\/2021\/04\/IMG_3179-scaled.jpg?resize=525%2C300&ssl=1 1.5x, https:\/\/i0.wp.com\/allyouskin.com\/wp-content\/uploads\/2021\/04\/IMG_3179-scaled.jpg?resize=700%2C400&ssl=1 2x, https:\/\/i0.wp.com\/allyouskin.com\/wp-content\/uploads\/2021\/04\/IMG_3179-scaled.jpg?resize=1050%2C600&ssl=1 3x, https:\/\/i0.wp.com\/allyouskin.com\/wp-content\/uploads\/2021\/04\/IMG_3179-scaled.jpg?resize=1400%2C800&ssl=1 4x"},"classes":[]}],"jetpack_sharing_enabled":true,"_links":{"self":[{"href":"https:\/\/allyouskin.com\/es\/wp-json\/wp\/v2\/pages\/5051","targetHints":{"allow":["GET"]}}],"collection":[{"href":"https:\/\/allyouskin.com\/es\/wp-json\/wp\/v2\/pages"}],"about":[{"href":"https:\/\/allyouskin.com\/es\/wp-json\/wp\/v2\/types\/page"}],"author":[{"embeddable":true,"href":"https:\/\/allyouskin.com\/es\/wp-json\/wp\/v2\/users\/1"}],"replies":[{"embeddable":true,"href":"https:\/\/allyouskin.com\/es\/wp-json\/wp\/v2\/comments?post=5051"}],"version-history":[{"count":3,"href":"https:\/\/allyouskin.com\/es\/wp-json\/wp\/v2\/pages\/5051\/revisions"}],"predecessor-version":[{"id":5057,"href":"https:\/\/allyouskin.com\/es\/wp-json\/wp\/v2\/pages\/5051\/revisions\/5057"}],"wp:attachment":[{"href":"https:\/\/allyouskin.com\/es\/wp-json\/wp\/v2\/media?parent=5051"}],"curies":[{"name":"wp","href":"https:\/\/api.w.org\/{rel}","templated":true}]}}