{"id":5102,"date":"2024-10-29T23:53:24","date_gmt":"2024-10-30T06:53:24","guid":{"rendered":"https:\/\/allyouskin.com\/?page_id=5102"},"modified":"2024-11-07T10:35:41","modified_gmt":"2024-11-07T18:35:41","slug":"acne-bootcamp","status":"publish","type":"page","link":"https:\/\/allyouskin.com\/es\/acne-bootcamp\/","title":{"rendered":"Campamento de Acn\u00e9"},"content":{"rendered":"<div class=\"gb-container gb-container-5deb5034\"><div class=\"gb-inside-container\">\n\n<h2 class=\"gb-headline gb-headline-9eaebb26 gb-headline-text\">\u00bfTe sientes frustrado con tus problemas de acn\u00e9? \u00bfHas probado innumerables soluciones sin \u00e9xito? Este curso intensivo sobre el acn\u00e9 ha demostrado ser eficaz para m\u00e1s del 90 % de los clientes y estoy aqu\u00ed para ayudarte a sanar tu piel desde adentro hacia afuera. <\/h2>\n\n\n\n<hr class=\"wp-block-separator has-text-color has-logo-color-2-color has-alpha-channel-opacity has-logo-color-2-background-color has-background is-style-dots\"\/>\n\n<\/div><\/div>\n\n<div class=\"gb-container gb-container-7f893bb0\"><div class=\"gb-inside-container\">\n<div class=\"gb-grid-wrapper gb-grid-wrapper-6145cf32\">\n<div class=\"gb-grid-column gb-grid-column-493d63f8\"><div class=\"gb-container gb-container-493d63f8\"><div class=\"gb-inside-container\">\n\n<h3 class=\"gb-headline gb-headline-91dd9e81 gb-headline-text\">Candidatos Ideales:<\/h3>\n\n\n\n<ul class=\"wp-block-list\">\n<li>Personas comprometidas con un programa m\u00ednimo de 3 meses para lograr una piel limpia.<\/li>\n\n\n\n<li>Aquellos dispuestos a asistir a tratamientos en persona cada dos semanas.<\/li>\n\n\n\n<li>Clientes listos para transformar su dieta y estilo de vida basados \u200b\u200ben nuestra orientaci\u00f3n integral.<\/li>\n\n\n\n<li>Participantes dedicados a seguir un r\u00e9gimen de cuidado de la piel personalizado que creamos, utilizado de manera constante todas las ma\u00f1anas y todas las noches.<\/li>\n\n\n\n<li>Cualquier persona que no haya usado Accutane en los \u00faltimos 6 meses. <\/li>\n<\/ul>\n\n\n\n<p><strong>Inversi\u00f3n Mensual: $170 <\/strong><em>(compromiso m\u00ednimo de 3 meses)<\/em><\/p>\n\n\n<div class=\"gb-container gb-container-878b09f6 alignwide\">\n\n<figure class=\"wp-block-image size-full\"><img data-recalc-dims=\"1\" loading=\"lazy\" decoding=\"async\" width=\"720\" height=\"720\" src=\"https:\/\/i0.wp.com\/allyouskin.com\/wp-content\/uploads\/2021\/02\/Acne-Expert-Badge.png?resize=720%2C720&#038;ssl=1\" alt=\"\" class=\"wp-image-5094\" style=\"object-fit:cover\" srcset=\"https:\/\/i0.wp.com\/allyouskin.com\/wp-content\/uploads\/2021\/02\/Acne-Expert-Badge.png?w=720&amp;ssl=1 720w, https:\/\/i0.wp.com\/allyouskin.com\/wp-content\/uploads\/2021\/02\/Acne-Expert-Badge.png?resize=300%2C300&amp;ssl=1 300w, https:\/\/i0.wp.com\/allyouskin.com\/wp-content\/uploads\/2021\/02\/Acne-Expert-Badge.png?resize=150%2C150&amp;ssl=1 150w, https:\/\/i0.wp.com\/allyouskin.com\/wp-content\/uploads\/2021\/02\/Acne-Expert-Badge.png?resize=600%2C600&amp;ssl=1 600w, https:\/\/i0.wp.com\/allyouskin.com\/wp-content\/uploads\/2021\/02\/Acne-Expert-Badge.png?resize=100%2C100&amp;ssl=1 100w\" sizes=\"auto, (max-width: 720px) 100vw, 720px\" \/><\/figure>\n\n<\/div>\n<\/div><\/div><\/div>\n\n<div class=\"gb-grid-column gb-grid-column-618e3041\"><div class=\"gb-container gb-container-618e3041\"><div class=\"gb-inside-container\">\n<div class=\"gb-grid-wrapper gb-grid-wrapper-e5454f9f\">\n<div class=\"gb-grid-column gb-grid-column-05b45ef8\"><div class=\"gb-container gb-container-05b45ef8\">\n\n<figure class=\"wp-block-jetpack-image-compare\"><div class=\"juxtapose\" data-mode=\"horizontal\"><img data-recalc-dims=\"1\" decoding=\"async\" id=\"5115\" src=\"https:\/\/i0.wp.com\/allyouskin.com\/wp-content\/uploads\/2024\/10\/Tatum-Before.jpg?w=1200&#038;ssl=1\" alt=\"\" class=\"image-compare__image-before\"\/><img data-recalc-dims=\"1\" decoding=\"async\" id=\"5114\" src=\"https:\/\/i0.wp.com\/allyouskin.com\/wp-content\/uploads\/2024\/10\/Tatum-After.jpg?w=1200&#038;ssl=1\" alt=\"\" class=\"image-compare__image-after\"\/><\/div><\/figure>\n\n<\/div><\/div>\n<\/div>\n\n<div class=\"gb-grid-wrapper gb-grid-wrapper-f093ec0a\">\n<div class=\"gb-grid-column gb-grid-column-b312038b\"><div class=\"gb-container gb-container-b312038b\">\n\n<figure class=\"wp-block-jetpack-image-compare\"><div class=\"juxtapose\" data-mode=\"horizontal\"><img data-recalc-dims=\"1\" decoding=\"async\" id=\"5213\" src=\"https:\/\/i0.wp.com\/allyouskin.com\/wp-content\/uploads\/2024\/11\/Jason-Before.jpg?w=1200&#038;ssl=1\" alt=\"\" class=\"image-compare__image-before\"\/><img data-recalc-dims=\"1\" decoding=\"async\" id=\"5214\" src=\"https:\/\/i0.wp.com\/allyouskin.com\/wp-content\/uploads\/2024\/11\/Jason-After.jpg?w=1200&#038;ssl=1\" alt=\"\" class=\"image-compare__image-after\"\/><\/div><\/figure>\n\n<\/div><\/div>\n\n<div class=\"gb-grid-column gb-grid-column-c81b81b9\"><div class=\"gb-container gb-container-c81b81b9\">\n\n<figure class=\"wp-block-jetpack-image-compare\"><div class=\"juxtapose\" data-mode=\"horizontal\"><img data-recalc-dims=\"1\" decoding=\"async\" id=\"5211\" src=\"https:\/\/i0.wp.com\/allyouskin.com\/wp-content\/uploads\/2024\/11\/Robert-Before.jpg?w=1200&#038;ssl=1\" alt=\"\" class=\"image-compare__image-before\"\/><img data-recalc-dims=\"1\" decoding=\"async\" id=\"5210\" src=\"https:\/\/i0.wp.com\/allyouskin.com\/wp-content\/uploads\/2024\/11\/Robert-After.jpg?w=1200&#038;ssl=1\" alt=\"\" class=\"image-compare__image-after\"\/><\/div><\/figure>\n\n<\/div><\/div>\n<\/div>\n<\/div><\/div><\/div>\n<\/div>\n<\/div><\/div>\n\n\n<hr class=\"wp-block-separator has-text-color has-logo-color-color has-alpha-channel-opacity has-logo-color-background-color has-background is-style-dots\"\/>\n\n\n<div class=\"gb-container gb-container-d34d9402\"><div class=\"gb-inside-container\">\n<div class=\"gb-grid-wrapper gb-grid-wrapper-e28cb10a\">\n<div class=\"gb-grid-column gb-grid-column-cee09b95\"><div class=\"gb-container gb-container-cee09b95\"><div class=\"gb-inside-container\">\n<div class=\"wp-block-image is-style-default\">\n<figure class=\"aligncenter size-full is-resized\"><img data-recalc-dims=\"1\" loading=\"lazy\" decoding=\"async\" width=\"867\" height=\"1300\" src=\"https:\/\/i0.wp.com\/allyouskin.com\/wp-content\/uploads\/2024\/10\/pexels-photo-5069604.jpeg?resize=867%2C1300&#038;ssl=1\" alt=\"applying facial cream on client\" class=\"wp-image-5160\" style=\"width:auto;height:500px\" srcset=\"https:\/\/i0.wp.com\/allyouskin.com\/wp-content\/uploads\/2024\/10\/pexels-photo-5069604.jpeg?w=867&amp;ssl=1 867w, https:\/\/i0.wp.com\/allyouskin.com\/wp-content\/uploads\/2024\/10\/pexels-photo-5069604.jpeg?resize=200%2C300&amp;ssl=1 200w, https:\/\/i0.wp.com\/allyouskin.com\/wp-content\/uploads\/2024\/10\/pexels-photo-5069604.jpeg?resize=683%2C1024&amp;ssl=1 683w, https:\/\/i0.wp.com\/allyouskin.com\/wp-content\/uploads\/2024\/10\/pexels-photo-5069604.jpeg?resize=768%2C1152&amp;ssl=1 768w, https:\/\/i0.wp.com\/allyouskin.com\/wp-content\/uploads\/2024\/10\/pexels-photo-5069604.jpeg?resize=600%2C900&amp;ssl=1 600w\" sizes=\"auto, (max-width: 867px) 100vw, 867px\" \/><\/figure>\n<\/div>\n<\/div><\/div><\/div>\n\n<div class=\"gb-grid-column gb-grid-column-48af07dd\"><div class=\"gb-container gb-container-48af07dd\"><div class=\"gb-inside-container\">\n\n<h3 class=\"wp-block-heading\">Su Membres\u00eda Incluye:<\/h3>\n\n\n\n<ul class=\"wp-block-list\">\n<li>Dos tratamientos faciales de 50 minutos cada mes, con terapia de luz LED azul y de alta frecuencia.<\/li>\n\n\n\n<li>Un paquete de informaci\u00f3n sobre el acn\u00e9 que incluye:\n<ul class=\"wp-block-list\">\n<li>Entendiendo el acn\u00e9 y su formaci\u00f3n<\/li>\n\n\n\n<li>Ajustes en el estilo de vida para una piel m\u00e1s clara Ingredientes que se deben evitar que obstruyan los poros<\/li>\n\n\n\n<li>Recomendaciones diet\u00e9ticas e informaci\u00f3n sobre suplementos<\/li>\n\n\n\n<li>Un r\u00e9gimen de cuidado en casa personalizado con productos para el cuidado de la piel Face Reality e instrucciones de uso detalladas (la inversi\u00f3n inicial en el producto ronda los $150).<\/li>\n<\/ul>\n<\/li>\n<\/ul>\n\n<\/div><\/div><\/div>\n<\/div>\n<\/div><\/div>\n\n<div class=\"gb-container gb-container-cdd552ea\"><div class=\"gb-inside-container\">\n\n<hr class=\"wp-block-separator has-text-color has-logo-color-color has-alpha-channel-opacity has-logo-color-background-color has-background is-style-dots\"\/>\n\n\n<div class=\"gb-container gb-container-5ccf12c2 alignwide\">\n<div class=\"gb-grid-wrapper gb-grid-wrapper-a6cbed2a\">\n<div class=\"gb-grid-column gb-grid-column-3e24accd\"><div class=\"gb-container gb-container-3e24accd\">\n\n<p>Si est\u00e1 listo para comprometerse y embarcarse en su viaje hacia una piel m\u00e1s clara, reserve el <strong>Campamento de Acn\u00e9 Hoy!<\/strong><\/p>\n\n\n\n<p class=\"has-text-align-center\">Recibir\u00e1 un total de 6 tratamientos faciales durante el programa de 3 meses. Los tratamientos posteriores a este per\u00edodo se basar\u00e1n en las recomendaciones de su proveedor.<\/p>\n\n<\/div><\/div>\n\n<div class=\"gb-grid-column gb-grid-column-8080904e\"><div class=\"gb-container gb-container-8080904e\">\n\n<a class=\"gb-button gb-button-958c60bc gb-button-text\" href=\"https:\/\/www.vagaro.com\/\/Users\/BusinessWidget.aspx?enc=MMLjhIwJMcwFQhXLL7ifVClXmdMjeO57iZukWIRsM9xU90YFsRWDi8TcOsry4xGaZ6PjUNN6zjC7rbYVezyZmfcrx35vadM0sf7R60\/dgKE4THjBzoFnZrEsy4c8pbMTV9O6tmRZ0pdwVAEi68hZ07o1VjxJlepktr8imMoY49VJlZjl7VcgTc5OtAQqoEcE6O\/RUYQjUMtfD8hb2iEwrEIJ73J3psJI3fbAYmfMKwD04XfyEbBpop2vUSZInE\/1soZS2T+ee+UJS3gWwRRDE9p810ncDyotk1InmZAssQSmq5zYogbE7pyKzIPC\/c+r218J98+6yMDpM2zga3NETLzW+jO2hzWblHDuAQ8\/d5blBuCAhYsTtk0YYSxuRHHu34\/YqZMfUWe9bS7EQ7KOpyjHqxNBRV6sETgO5\/N2rqJvNd8Z45w2ZbdvLStxmiHCfSb8W7ipqeB8R676d97V0w==\" target=\"_blank\" rel=\"noopener noreferrer\">Hacer\nCita<\/a>\n\n<\/div><\/div>\n<\/div>\n<\/div>\n<\/div><\/div>\n\n<div class=\"gb-container gb-container-d175a9c5\"><div class=\"gb-inside-container\">\n\n<hr class=\"wp-block-separator has-text-color has-logo-color-color has-alpha-channel-opacity has-logo-color-background-color has-background is-style-dots\"\/>\n\n\n<div class=\"gb-grid-wrapper gb-grid-wrapper-a502a060\">\n<div class=\"gb-grid-column gb-grid-column-8cd1e0e7\"><div class=\"gb-container gb-container-8cd1e0e7\"><div class=\"gb-inside-container\">\n\n<h3 class=\"gb-headline gb-headline-8cfca30d gb-headline-text\">\u00bfTienes alguna pregunta o simplemente quieres saludar?<\/h3>\n\n<\/div><\/div><\/div>\n\n<div class=\"gb-grid-column gb-grid-column-d11b5904\"><div class=\"gb-container gb-container-d11b5904\"><div class=\"gb-inside-container\">\n<div class=\"gb-button-wrapper gb-button-wrapper-b2ea3ae1\">\n\n<a class=\"gb-button gb-button-da0ec482\" href=\"https:\/\/allyouskin.com\/es\/contact\/\"><span class=\"gb-button-text\">Contacto<\/span><span class=\"gb-icon\"><svg fill=\"none\" xmlns=\"http:\/\/www.w3.org\/2000\/svg\" width=\"15\" height=\"15\"><path d=\"M13.5 7.5l-4-4m4 4l-4 4m4-4H1\" stroke=\"currentColor\"><\/path><\/svg><\/span><\/a>\n\n<\/div>\n<\/div><\/div><\/div>\n<\/div>\n<\/div><\/div>\n\n<div class=\"gb-container gb-container-08d7c84b\"><div class=\"gb-inside-container\">\n<div class=\"gb-grid-wrapper gb-grid-wrapper-990ed738\">\n<div class=\"gb-grid-column gb-grid-column-f874cc30\"><div class=\"gb-container gb-container-f874cc30\"><div class=\"gb-inside-container\">\n\n<h2 class=\"gb-headline gb-headline-18933dd6 gb-headline-text\">Suscr\u00edbete a nuestro bolet\u00edn mensual<\/h2>\n\n\n\n<p class=\"gb-headline gb-headline-e0e7ae97 gb-headline-text\">Reciba ofertas y descuentos exclusivos uni\u00e9ndose a nuestra lista de correo electr\u00f3nico.<\/p>\n\n<\/div><\/div><\/div>\n\n<div class=\"gb-grid-column gb-grid-column-e676d4e2\"><div class=\"gb-container gb-container-e676d4e2\"><div class=\"gb-inside-container\">\n<form action=\"https:\/\/squareup.com\/outreach\/fcXLiF\/subscribe\" method=\"POST\" target=\"_blank\"><input type=\"email\" name=\"email_address\" placeholder=\"Su Correo Electr\u00f3nico\" style=\"height: 50px; width: 350px; padding: 0 16px; font-size: 14px; border: 1px solid #bec3c8; border-radius: 2px; margin-right: 8px; font-family: 'Helvetica Neue', Helvetica, sans-serif;\"><input type=\"hidden\" name=\"embed\" value=\"true\"><button type=\"submit\" style=\"cursor: pointer; background-color: #bf8770; color: white; height: 50px; border: 0; border-radius: 2px; font-size: 14px; padding: 16px; font-family: 'Helvetica Neue', Helvetica, sans-serif; font-weight: 500;\">\u00danete Ahora<\/button><\/form>\n\n<\/div><\/div><\/div>\n<\/div>\n<\/div><\/div>","protected":false},"excerpt":{"rendered":"<p>Are you feeling frustrated with your acne struggles? Have you tried countless solutions without success? This Acne Bootcamp has proven effective for &#8230; <a title=\"Campamento de Acn\u00e9\" class=\"read-more\" href=\"https:\/\/allyouskin.com\/es\/acne-bootcamp\/\" aria-label=\"Leer m\u00e1s sobre Acne Bootcamp\">Read more<\/a><\/p>","protected":false},"author":1,"featured_media":0,"parent":0,"menu_order":0,"comment_status":"closed","ping_status":"closed","template":"","meta":{"footnotes":""},"class_list":["post-5102","page","type-page","status-publish"],"jetpack-related-posts":[{"id":4379,"url":"https:\/\/allyouskin.com\/es\/services\/","url_meta":{"origin":5102,"position":0},"title":"Servicios","author":"admin","date":"abril 21, 2021","format":false,"excerpt":"At All You Skincare we offer a variety of facials. We believe in using high quality products and advanced technology to help you achieve your skincare goals and concerns! The Classical Facial. Experience an organic facial designed to nourish your skin and soothe your senses. Each session includes a double\u2026","rel":"","context":"Entrada similar ","block_context":{"text":"Entrada similar ","link":""},"img":{"alt_text":"","src":"","width":0,"height":0},"classes":[]}],"jetpack_sharing_enabled":true,"_links":{"self":[{"href":"https:\/\/allyouskin.com\/es\/wp-json\/wp\/v2\/pages\/5102","targetHints":{"allow":["GET"]}}],"collection":[{"href":"https:\/\/allyouskin.com\/es\/wp-json\/wp\/v2\/pages"}],"about":[{"href":"https:\/\/allyouskin.com\/es\/wp-json\/wp\/v2\/types\/page"}],"author":[{"embeddable":true,"href":"https:\/\/allyouskin.com\/es\/wp-json\/wp\/v2\/users\/1"}],"replies":[{"embeddable":true,"href":"https:\/\/allyouskin.com\/es\/wp-json\/wp\/v2\/comments?post=5102"}],"version-history":[{"count":65,"href":"https:\/\/allyouskin.com\/es\/wp-json\/wp\/v2\/pages\/5102\/revisions"}],"predecessor-version":[{"id":5265,"href":"https:\/\/allyouskin.com\/es\/wp-json\/wp\/v2\/pages\/5102\/revisions\/5265"}],"wp:attachment":[{"href":"https:\/\/allyouskin.com\/es\/wp-json\/wp\/v2\/media?parent=5102"}],"curies":[{"name":"wp","href":"https:\/\/api.w.org\/{rel}","templated":true}]}}